{"id":1477,"date":"2019-06-15T22:36:34","date_gmt":"2019-06-15T20:36:34","guid":{"rendered":"https:\/\/idactivprod.com\/dlounge\/?page_id=1477"},"modified":"2025-05-21T13:06:08","modified_gmt":"2025-05-21T11:06:08","slug":"tarifs-escorts-geneve","status":"publish","type":"page","link":"https:\/\/diamond-lounge.ch\/en\/tarifs-escorts-geneve\/","title":{"rendered":"PRICES"},"content":{"rendered":"<p><div class=\"fusion-fullwidth fullwidth-box fusion-builder-row-1 fusion-flex-container nonhundred-percent-fullwidth non-hundred-percent-height-scrolling\" style=\"--awb-background-position:left top;--awb-border-sizes-top:0px;--awb-border-sizes-bottom:0px;--awb-border-sizes-left:0px;--awb-border-sizes-right:0px;--awb-border-radius-top-left:0px;--awb-border-radius-top-right:0px;--awb-border-radius-bottom-right:0px;--awb-border-radius-bottom-left:0px;--awb-padding-top:90px;--awb-padding-bottom:90px;--awb-flex-wrap:wrap;\" ><div class=\"fusion-builder-row fusion-row fusion-flex-align-items-flex-start fusion-flex-content-wrap\" style=\"max-width:calc( 1170px + 0px );margin-left: calc(-0px \/ 2 );margin-right: calc(-0px \/ 2 );\"><div class=\"fusion-layout-column fusion_builder_column fusion-builder-column-0 fusion_builder_column_1_1 1_1 fusion-flex-column fusion-flex-align-self-flex-start fusion-column-no-min-height\" style=\"--awb-bg-blend:overlay;--awb-bg-size:cover;--awb-width-large:100%;--awb-margin-top-large:0px;--awb-spacing-right-large:0px;--awb-margin-bottom-large:0px;--awb-spacing-left-large:0px;--awb-width-medium:100%;--awb-spacing-right-medium:0px;--awb-spacing-left-medium:0px;--awb-width-small:100%;--awb-spacing-right-small:0px;--awb-spacing-left-small:0px;\"><div class=\"fusion-column-wrapper fusion-flex-justify-content-flex-start fusion-content-layout-column\"><div class=\"fusion-text fusion-text-1\"><h2 class=\"fusion-responsive-typography-calculated\" style=\"text-align: center; --fontsize: 40; line-height: 1.1;\" data-fontsize=\"40\" data-lineheight=\"44px\">Our naturist massage prices<\/h2>\n<p><img decoding=\"async\" class=\"size-full wp-image-1284 aligncenter\" src=\"https:\/\/diamond-lounge.ch\/wp-content\/uploads\/2019\/05\/Club_diamant_lounge_sep01.png\" alt=\"\" width=\"54\" height=\"30\" \/><\/p>\n<p style=\"text-align: center;\">The hostesses propose services from 150 CHF<\/p>\n<p style=\"text-align: center;\">-Massage Tantra 150 CHF pour 30min<br \/>\n-Massage body Body 200 CHF pour 60min<br \/>\n-massage r\u00e9ciproque 250 CHF pour 60min<br \/>\n-Massage Lingam 250 CHF pour 30min de Lingam &#8211; 400 CHF pour 60min<br \/>\n-Massage 4 mains &#8211; 500 CHF pour 60min.<\/p>\n<p style=\"text-align: center;\">Please contact us on 022 732 69 69 for more information on the prices and services offered by our hostesses<\/p>\n<p style=\"text-align: center;\">\u2013 We accept the following currencies: Swiss Franc, Euro and Dollar<br \/>\n&#8211; <span style=\"color: var(--awb-text-color); font-family: var(--awb-text-font-family); font-size: var(--awb-font-size); font-style: var(--awb-text-font-style); font-weight: var(--awb-text-font-weight); letter-spacing: var(--awb-letter-spacing); text-align: var(--awb-content-alignment); text-transform: var(--awb-text-transform); background-color: var(--awb-bg-color-hover);\">We accept all major credit cards and twint payments<br \/>\n&#8211; Distributeurs automatiques de billets (ATM) sur place<br \/>\n<\/span><\/p>\n<\/div><\/div><\/div><\/div><\/div><div class=\"fusion-bg-parallax\" data-bg-align=\"center center\" data-direction=\"up\" data-mute=\"false\" data-opacity=\"100\" data-velocity=\"-0.3\" data-mobile-enabled=\"true\" data-break_parents=\"0\" data-bg-image=\"https:\/\/diamond-lounge.ch\/wp-content\/uploads\/2019\/06\/quote_bg_studio1-5.jpg\" data-bg-repeat=\"false\" ><\/div><div class=\"fusion-fullwidth fullwidth-box fusion-builder-row-2 fusion-flex-container fusion-parallax-up nonhundred-percent-fullwidth non-hundred-percent-height-scrolling\" style=\"--awb-border-sizes-top:0px;--awb-border-sizes-bottom:0px;--awb-border-sizes-left:0px;--awb-border-sizes-right:0px;--awb-border-radius-top-left:0px;--awb-border-radius-top-right:0px;--awb-border-radius-bottom-right:0px;--awb-border-radius-bottom-left:0px;--awb-padding-top:100px;--awb-padding-bottom:100px;--awb-background-image:url(&quot;https:\/\/diamond-lounge.ch\/wp-content\/uploads\/2019\/06\/quote_bg_studio1-5.jpg&quot;);--awb-background-size:cover;--awb-flex-wrap:wrap;\" ><div class=\"fusion-builder-row fusion-row fusion-flex-align-items-flex-start fusion-flex-content-wrap\" style=\"max-width:1216.8px;margin-left: calc(-4% \/ 2 );margin-right: calc(-4% \/ 2 );\"><div class=\"fusion-layout-column fusion_builder_column fusion-builder-column-1 fusion_builder_column_1_5 1_5 fusion-flex-column\" style=\"--awb-padding-top:50px;--awb-padding-right:50px;--awb-padding-bottom:50px;--awb-padding-left:50px;--awb-bg-blend:overlay;--awb-bg-size:cover;--awb-width-large:20%;--awb-margin-top-large:0px;--awb-spacing-right-large:3.84%;--awb-margin-bottom-large:20px;--awb-spacing-left-large:9.6%;--awb-width-medium:100%;--awb-spacing-right-medium:1.92%;--awb-spacing-left-medium:1.92%;--awb-width-small:100%;--awb-spacing-right-small:1.92%;--awb-spacing-left-small:1.92%;\"><div class=\"fusion-column-wrapper fusion-flex-justify-content-flex-start fusion-content-layout-column\"><i class=\"fb-icon-element-1 fb-icon-element fontawesome-icon fa-quote-left fas circle-no\" style=\"--awb-font-size:40px;--awb-align-self:center;--awb-margin-top:0px;--awb-margin-right:0px;--awb-margin-bottom:0px;--awb-margin-left:10px;\"><\/i><\/div><\/div><div class=\"fusion-layout-column fusion_builder_column fusion-builder-column-2 fusion_builder_column_4_5 4_5 fusion-flex-column\" style=\"--awb-bg-blend:overlay;--awb-bg-size:cover;--awb-width-large:80%;--awb-margin-top-large:0px;--awb-spacing-right-large:2.4%;--awb-margin-bottom-large:20px;--awb-spacing-left-large:3.84%;--awb-width-medium:100%;--awb-spacing-right-medium:1.92%;--awb-spacing-left-medium:1.92%;--awb-width-small:100%;--awb-spacing-right-small:1.92%;--awb-spacing-left-small:1.92%;\"><div class=\"fusion-column-wrapper fusion-flex-justify-content-flex-start fusion-content-layout-column\"><div class=\"fusion-text fusion-text-2\"><h3><em>I DON&rsquo;T KNOW THE QUESTION,<br \/>\n<\/em><em>BUT SEX IS DEFINITELY THE ANSWER<\/em><\/h3>\n<p style=\"margin-top: -5px;\">&#8211; WOODY ALLEN<\/p>\n<\/div><\/div><\/div><\/div><\/div><div class=\"fusion-fullwidth fullwidth-box fusion-builder-row-3 fusion-flex-container nonhundred-percent-fullwidth non-hundred-percent-height-scrolling\" style=\"--awb-background-position:left top;--awb-border-sizes-top:0px;--awb-border-sizes-bottom:0px;--awb-border-sizes-left:0px;--awb-border-sizes-right:0px;--awb-border-radius-top-left:0px;--awb-border-radius-top-right:0px;--awb-border-radius-bottom-right:0px;--awb-border-radius-bottom-left:0px;--awb-padding-top:110px;--awb-padding-bottom:50px;--awb-background-color:#0c0c0d;--awb-flex-wrap:wrap;\" ><div class=\"fusion-builder-row fusion-row fusion-flex-align-items-flex-start fusion-flex-content-wrap\" style=\"max-width:calc( 1170px + 0px );margin-left: calc(-0px \/ 2 );margin-right: calc(-0px \/ 2 );\"><div class=\"fusion-layout-column fusion_builder_column fusion-builder-column-3 fusion_builder_column_1_1 1_1 fusion-flex-column fusion-flex-align-self-flex-start fusion-column-no-min-height\" style=\"--awb-bg-blend:overlay;--awb-bg-size:cover;--awb-width-large:100%;--awb-margin-top-large:0px;--awb-spacing-right-large:0px;--awb-margin-bottom-large:0px;--awb-spacing-left-large:0px;--awb-width-medium:100%;--awb-spacing-right-medium:0px;--awb-spacing-left-medium:0px;--awb-width-small:100%;--awb-spacing-right-small:0px;--awb-spacing-left-small:0px;\"><div class=\"fusion-column-wrapper fusion-flex-justify-content-flex-start fusion-content-layout-column\"><div class=\"fusion-text fusion-text-3\"><h2 class=\"fusion-responsive-typography-calculated\" style=\"text-align: center; --fontsize: 40; line-height: 1.1;\" data-fontsize=\"40\" data-lineheight=\"44px\">Escort Prices<\/h2>\n<p><img decoding=\"async\" class=\"size-full wp-image-1284 aligncenter\" src=\"https:\/\/diamond-lounge.ch\/wp-content\/uploads\/2019\/05\/Club_diamant_lounge_sep01.png\" alt=\"\" width=\"54\" height=\"30\" \/><\/p>\n<p style=\"text-align: center;\"><strong>An escort in your hotel or home, in Geneva:<\/strong><br \/>\nCHF 500 for 1 hour \/ CHF 800 for 2 hours \/ CHF 1000 for 3 hours \/ CHF 1200 for 4 hours<\/p>\n<p style=\"text-align: center;\"><strong>Current deals:<\/strong><br \/>\n1 hour of intimacy with one of our hostesses + 1 bottle of Champagne (75cl): CHF 550<\/p>\n<\/div><\/div><\/div><\/div><\/div><div class=\"fusion-bg-parallax\" data-bg-align=\"center top\" data-direction=\"up\" data-mute=\"false\" data-opacity=\"100\" data-velocity=\"-0.3\" data-mobile-enabled=\"true\" data-break_parents=\"0\" data-bg-image=\"https:\/\/diamond-lounge.ch\/wp-content\/uploads\/2019\/06\/89814125_xl-e1560950171285.jpg\" data-bg-repeat=\"false\" ><\/div><div class=\"fusion-fullwidth fullwidth-box fusion-builder-row-4 fusion-flex-container fusion-parallax-up nonhundred-percent-fullwidth non-hundred-percent-height-scrolling\" style=\"--awb-background-position:center top;--awb-border-sizes-top:0px;--awb-border-sizes-bottom:0px;--awb-border-sizes-left:0px;--awb-border-sizes-right:0px;--awb-border-radius-top-left:0px;--awb-border-radius-top-right:0px;--awb-border-radius-bottom-right:0px;--awb-border-radius-bottom-left:0px;--awb-padding-top:200px;--awb-padding-bottom:200px;--awb-background-image:url(&quot;https:\/\/diamond-lounge.ch\/wp-content\/uploads\/2019\/06\/89814125_xl-e1560950171285.jpg&quot;);--awb-background-size:cover;--awb-flex-wrap:wrap;\" ><div class=\"fusion-builder-row fusion-row fusion-flex-align-items-flex-start fusion-flex-content-wrap\" style=\"max-width:calc( 1170px + 0px );margin-left: calc(-0px \/ 2 );margin-right: calc(-0px \/ 2 );\"><div class=\"fusion-layout-column fusion_builder_column fusion-builder-column-4 fusion_builder_column_1_1 1_1 fusion-flex-column fusion-flex-align-self-flex-start fusion-column-no-min-height\" style=\"--awb-bg-blend:overlay;--awb-bg-size:cover;--awb-width-large:100%;--awb-margin-top-large:0px;--awb-spacing-right-large:0px;--awb-margin-bottom-large:0px;--awb-spacing-left-large:0px;--awb-width-medium:100%;--awb-spacing-right-medium:0px;--awb-spacing-left-medium:0px;--awb-width-small:100%;--awb-spacing-right-small:0px;--awb-spacing-left-small:0px;\"><div class=\"fusion-column-wrapper fusion-flex-justify-content-flex-start fusion-content-layout-column\"><div class=\"fusion-image-element\" style=\"text-align:center;--awb-caption-title-font-family:var(--h2_typography-font-family);--awb-caption-title-font-weight:var(--h2_typography-font-weight);--awb-caption-title-font-style:var(--h2_typography-font-style);--awb-caption-title-size:var(--h2_typography-font-size);--awb-caption-title-transform:var(--h2_typography-text-transform);--awb-caption-title-line-height:var(--h2_typography-line-height);--awb-caption-title-letter-spacing:var(--h2_typography-letter-spacing);\"><span class=\"fusion-imageframe imageframe-none imageframe-1 hover-type-none\"><img decoding=\"async\" width=\"500\" height=\"340\" title=\"Club_diamant_lounge_logo-blanc01\" src=\"https:\/\/diamond-lounge.ch\/wp-content\/uploads\/2019\/06\/Club_diamant_lounge_logo-blanc01.png\" alt class=\"img-responsive wp-image-1307\" srcset=\"https:\/\/diamond-lounge.ch\/wp-content\/uploads\/2019\/06\/Club_diamant_lounge_logo-blanc01-200x136.png 200w, https:\/\/diamond-lounge.ch\/wp-content\/uploads\/2019\/06\/Club_diamant_lounge_logo-blanc01-400x272.png 400w, https:\/\/diamond-lounge.ch\/wp-content\/uploads\/2019\/06\/Club_diamant_lounge_logo-blanc01.png 500w\" sizes=\"(max-width: 1024px) 100vw, (max-width: 640px) 100vw, 500px\" \/><\/span><\/div><\/div><\/div><\/div><\/div><div class=\"fusion-fullwidth fullwidth-box fusion-builder-row-5 fusion-flex-container nonhundred-percent-fullwidth non-hundred-percent-height-scrolling\" style=\"--awb-background-position:left top;--awb-border-sizes-top:0px;--awb-border-sizes-bottom:0px;--awb-border-sizes-left:0px;--awb-border-sizes-right:0px;--awb-border-radius-top-left:0px;--awb-border-radius-top-right:0px;--awb-border-radius-bottom-right:0px;--awb-border-radius-bottom-left:0px;--awb-padding-top:110px;--awb-padding-bottom:50px;--awb-flex-wrap:wrap;\" ><div class=\"fusion-builder-row fusion-row fusion-flex-align-items-flex-start fusion-flex-content-wrap\" style=\"max-width:calc( 1170px + 0px );margin-left: calc(-0px \/ 2 );margin-right: calc(-0px \/ 2 );\"><div class=\"fusion-layout-column fusion_builder_column fusion-builder-column-5 fusion_builder_column_1_1 1_1 fusion-flex-column fusion-flex-align-self-flex-start fusion-column-no-min-height\" style=\"--awb-bg-blend:overlay;--awb-bg-size:cover;--awb-width-large:100%;--awb-margin-top-large:0px;--awb-spacing-right-large:0px;--awb-margin-bottom-large:0px;--awb-spacing-left-large:0px;--awb-width-medium:100%;--awb-spacing-right-medium:0px;--awb-spacing-left-medium:0px;--awb-width-small:100%;--awb-spacing-right-small:0px;--awb-spacing-left-small:0px;\"><div class=\"fusion-column-wrapper fusion-flex-justify-content-flex-start fusion-content-layout-column\"><div class=\"fusion-text fusion-text-4\"><h2 style=\"text-align: center;\">The club<\/h2>\n<p style=\"text-align: center;\"><img decoding=\"async\" class=\"size-full wp-image-1284 aligncenter\" src=\"https:\/\/diamond-lounge.ch\/wp-content\/uploads\/2019\/05\/Club_diamant_lounge_sep01.png\" alt=\"\" width=\"54\" height=\"30\" \/><\/p>\n<\/div><\/div><\/div><\/div><\/div><div class=\"fusion-bg-parallax\" data-bg-align=\"center center\" data-direction=\"up\" data-mute=\"false\" data-opacity=\"100\" data-velocity=\"-0.3\" data-mobile-enabled=\"false\" data-break_parents=\"0\" data-bg-image=\"https:\/\/diamond-lounge.ch\/wp-content\/uploads\/2019\/06\/contact_header-dark-gaussien2.jpg\" data-bg-repeat=\"false\" ><\/div><div class=\"fusion-fullwidth fullwidth-box fusion-builder-row-6 fusion-flex-container fusion-parallax-up nonhundred-percent-fullwidth non-hundred-percent-height-scrolling\" style=\"--awb-border-sizes-top:0px;--awb-border-sizes-bottom:0px;--awb-border-sizes-left:0px;--awb-border-sizes-right:0px;--awb-border-radius-top-left:0px;--awb-border-radius-top-right:0px;--awb-border-radius-bottom-right:0px;--awb-border-radius-bottom-left:0px;--awb-padding-top:100px;--awb-padding-bottom:100px;--awb-background-color:rgba(0,0,0,0);--awb-background-image:url(&quot;https:\/\/diamond-lounge.ch\/wp-content\/uploads\/2019\/06\/contact_header-dark-gaussien2.jpg&quot;);--awb-background-size:cover;--awb-flex-wrap:wrap;\" ><div class=\"fusion-builder-row fusion-row fusion-flex-align-items-flex-start fusion-flex-content-wrap\" style=\"max-width:calc( 1170px + 0px );margin-left: calc(-0px \/ 2 );margin-right: calc(-0px \/ 2 );\"><div class=\"fusion-layout-column fusion_builder_column fusion-builder-column-6 fusion_builder_column_1_1 1_1 fusion-flex-column fusion-flex-align-self-flex-start fusion-column-no-min-height\" style=\"--awb-bg-blend:overlay;--awb-bg-size:cover;--awb-width-large:100%;--awb-margin-top-large:0px;--awb-spacing-right-large:0px;--awb-margin-bottom-large:0px;--awb-spacing-left-large:0px;--awb-width-medium:100%;--awb-spacing-right-medium:0px;--awb-spacing-left-medium:0px;--awb-width-small:100%;--awb-spacing-right-small:0px;--awb-spacing-left-small:0px;\"><div class=\"fusion-column-wrapper fusion-flex-justify-content-flex-start fusion-content-layout-column\"><div class=\"fusion-text fusion-text-5\"><h3 style=\"text-align: center;\">Contact us now<\/h3>\n<p style=\"text-align: center; letter-spacing: 4px;\">A UNIQUE EXPERIENCE IN GENEVA<\/p>\n<\/div><div style=\"text-align:center;\"><a class=\"fusion-button button-flat button-large button-default fusion-button-default button-1 fusion-button-default-span\" target=\"_self\" href=\"https:\/\/diamond-lounge.ch\/en\/contact-salon-erotique-diamond-lounge-geneve\/\"><span class=\"fusion-button-text awb-button__text awb-button__text--default\">CONTACT US<\/span><\/a><\/div><\/div><\/div><\/div><\/div><\/p>","protected":false},"excerpt":{"rendered":"","protected":false},"author":3,"featured_media":0,"parent":0,"menu_order":0,"comment_status":"open","ping_status":"closed","template":"100-width.php","meta":{"footnotes":""},"class_list":["post-1477","page","type-page","status-publish","hentry"],"yoast_head":"<!-- This site is optimized with the Yoast SEO plugin v26.5 - https:\/\/yoast.com\/wordpress\/plugins\/seo\/ -->\n<title>Tarifs Escorts gen\u00e8ve - Les Tarifs du Diamond Lounge<\/title>\n<meta name=\"description\" content=\"D\u00e9couvrez nos tarifs et offres du moment. N&#039;h\u00e9sitez-pas \u00e0 nous contacter, nos h\u00f4tesses et escorts se feront un plaisir de vous renseigner\" \/>\n<meta name=\"robots\" content=\"index, follow, max-snippet:-1, max-image-preview:large, max-video-preview:-1\" \/>\n<link rel=\"canonical\" href=\"https:\/\/diamond-lounge.ch\/en\/tarifs-escorts-geneve_\/\" \/>\n<meta property=\"og:locale\" content=\"en_GB\" \/>\n<meta property=\"og:type\" content=\"article\" \/>\n<meta property=\"og:title\" content=\"Tarifs Escorts gen\u00e8ve - Les Tarifs du Diamond Lounge\" \/>\n<meta property=\"og:description\" content=\"D\u00e9couvrez nos tarifs et offres du moment. N&#039;h\u00e9sitez-pas \u00e0 nous contacter, nos h\u00f4tesses et escorts se feront un plaisir de vous renseigner\" \/>\n<meta property=\"og:url\" content=\"https:\/\/diamond-lounge.ch\/en\/tarifs-escorts-geneve_\/\" \/>\n<meta property=\"og:site_name\" content=\"diamond lounge\" \/>\n<meta property=\"og:image\" content=\"https:\/\/diamond-lounge.ch\/wp-content\/uploads\/2019\/06\/Club_diamant_lounge_logo.png\" \/>\n\t<meta property=\"og:image:width\" content=\"150\" \/>\n\t<meta property=\"og:image:height\" content=\"118\" \/>\n\t<meta property=\"og:image:type\" content=\"image\/png\" \/>\n<meta name=\"twitter:card\" content=\"summary_large_image\" \/>\n<meta name=\"twitter:label1\" content=\"Est. reading time\" \/>\n\t<meta name=\"twitter:data1\" content=\"2 minutes\" \/>\n<!-- \/ Yoast SEO plugin. -->","yoast_head_json":{"title":"Tarifs Escorts gen\u00e8ve - Les Tarifs du Diamond Lounge","description":"D\u00e9couvrez nos tarifs et offres du moment. N'h\u00e9sitez-pas \u00e0 nous contacter, nos h\u00f4tesses et escorts se feront un plaisir de vous renseigner","robots":{"index":"index","follow":"follow","max-snippet":"max-snippet:-1","max-image-preview":"max-image-preview:large","max-video-preview":"max-video-preview:-1"},"canonical":"https:\/\/diamond-lounge.ch\/en\/tarifs-escorts-geneve_\/","og_locale":"en_GB","og_type":"article","og_title":"Tarifs Escorts gen\u00e8ve - Les Tarifs du Diamond Lounge","og_description":"D\u00e9couvrez nos tarifs et offres du moment. N'h\u00e9sitez-pas \u00e0 nous contacter, nos h\u00f4tesses et escorts se feront un plaisir de vous renseigner","og_url":"https:\/\/diamond-lounge.ch\/en\/tarifs-escorts-geneve_\/","og_site_name":"diamond lounge","og_image":[{"width":150,"height":118,"url":"https:\/\/diamond-lounge.ch\/wp-content\/uploads\/2019\/06\/Club_diamant_lounge_logo.png","type":"image\/png"}],"twitter_card":"summary_large_image","twitter_misc":{"Est. reading time":"2 minutes"},"schema":{"@context":"https:\/\/schema.org","@graph":[{"@type":"WebPage","@id":"https:\/\/diamond-lounge.ch\/tarifs-escorts-geneve\/","url":"https:\/\/diamond-lounge.ch\/tarifs-escorts-geneve_","name":"Tarifs Escorts gen\u00e8ve - Les Tarifs du Diamond Lounge","isPartOf":{"@id":"https:\/\/diamond-lounge.ch\/#website"},"primaryImageOfPage":{"@id":"https:\/\/diamond-lounge.ch\/tarifs-escorts-geneve_#primaryimage"},"image":{"@id":"https:\/\/diamond-lounge.ch\/tarifs-escorts-geneve_#primaryimage"},"thumbnailUrl":"https:\/\/diamond-lounge.ch\/wp-content\/uploads\/2019\/05\/Club_diamant_lounge_sep01.png","datePublished":"2019-06-15T20:36:34+00:00","dateModified":"2025-05-21T11:06:08+00:00","description":"D\u00e9couvrez nos tarifs et offres du moment. N'h\u00e9sitez-pas \u00e0 nous contacter, nos h\u00f4tesses et escorts se feront un plaisir de vous renseigner","breadcrumb":{"@id":"https:\/\/diamond-lounge.ch\/tarifs-escorts-geneve_#breadcrumb"},"inLanguage":"en-GB","potentialAction":[{"@type":"ReadAction","target":["https:\/\/diamond-lounge.ch\/tarifs-escorts-geneve_"]}]},{"@type":"ImageObject","inLanguage":"en-GB","@id":"https:\/\/diamond-lounge.ch\/tarifs-escorts-geneve_#primaryimage","url":"https:\/\/diamond-lounge.ch\/wp-content\/uploads\/2019\/05\/Club_diamant_lounge_sep01.png","contentUrl":"https:\/\/diamond-lounge.ch\/wp-content\/uploads\/2019\/05\/Club_diamant_lounge_sep01.png"},{"@type":"BreadcrumbList","@id":"https:\/\/diamond-lounge.ch\/tarifs-escorts-geneve_#breadcrumb","itemListElement":[{"@type":"ListItem","position":1,"name":"Home","item":"https:\/\/diamond-lounge.ch\/"},{"@type":"ListItem","position":2,"name":"TARIFS"}]},{"@type":"WebSite","@id":"https:\/\/diamond-lounge.ch\/#website","url":"https:\/\/diamond-lounge.ch\/","name":"diamond lounge","description":"diamond lounge","publisher":{"@id":"https:\/\/diamond-lounge.ch\/#organization"},"potentialAction":[{"@type":"SearchAction","target":{"@type":"EntryPoint","urlTemplate":"https:\/\/diamond-lounge.ch\/?s={search_term_string}"},"query-input":{"@type":"PropertyValueSpecification","valueRequired":true,"valueName":"search_term_string"}}],"inLanguage":"en-GB"},{"@type":"Organization","@id":"https:\/\/diamond-lounge.ch\/#organization","name":"diamond lounge","url":"https:\/\/diamond-lounge.ch\/","logo":{"@type":"ImageObject","inLanguage":"en-GB","@id":"https:\/\/diamond-lounge.ch\/#\/schema\/logo\/image\/","url":"https:\/\/diamond-lounge.ch\/wp-content\/uploads\/2019\/06\/Club_diamant_lounge_logo.png","contentUrl":"https:\/\/diamond-lounge.ch\/wp-content\/uploads\/2019\/06\/Club_diamant_lounge_logo.png","width":150,"height":118,"caption":"diamond lounge"},"image":{"@id":"https:\/\/diamond-lounge.ch\/#\/schema\/logo\/image\/"}}]}},"_links":{"self":[{"href":"https:\/\/diamond-lounge.ch\/en\/wp-json\/wp\/v2\/pages\/1477","targetHints":{"allow":["GET"]}}],"collection":[{"href":"https:\/\/diamond-lounge.ch\/en\/wp-json\/wp\/v2\/pages"}],"about":[{"href":"https:\/\/diamond-lounge.ch\/en\/wp-json\/wp\/v2\/types\/page"}],"author":[{"embeddable":true,"href":"https:\/\/diamond-lounge.ch\/en\/wp-json\/wp\/v2\/users\/3"}],"replies":[{"embeddable":true,"href":"https:\/\/diamond-lounge.ch\/en\/wp-json\/wp\/v2\/comments?post=1477"}],"version-history":[{"count":2,"href":"https:\/\/diamond-lounge.ch\/en\/wp-json\/wp\/v2\/pages\/1477\/revisions"}],"predecessor-version":[{"id":3815,"href":"https:\/\/diamond-lounge.ch\/en\/wp-json\/wp\/v2\/pages\/1477\/revisions\/3815"}],"wp:attachment":[{"href":"https:\/\/diamond-lounge.ch\/en\/wp-json\/wp\/v2\/media?parent=1477"}],"curies":[{"name":"wp","href":"https:\/\/api.w.org\/{rel}","templated":true}]}}