{"id":1363,"date":"2019-06-04T12:27:55","date_gmt":"2019-06-04T10:27:55","guid":{"rendered":"https:\/\/idactivprod.com\/dlounge\/?page_id=1363"},"modified":"2023-10-04T20:20:38","modified_gmt":"2023-10-04T18:20:38","slug":"casting-escort-geneve","status":"publish","type":"page","link":"https:\/\/diamond-lounge.ch\/en\/casting-escort-geneve\/","title":{"rendered":"CASTING"},"content":{"rendered":"<div class=\"fusion-fullwidth fullwidth-box fusion-builder-row-1 fusion-flex-container hundred-percent-fullwidth non-hundred-percent-height-scrolling\" style=\"--awb-background-position:left top;--awb-border-sizes-top:0px;--awb-border-sizes-bottom:0px;--awb-border-sizes-left:0px;--awb-border-sizes-right:0px;--awb-border-radius-top-left:0px;--awb-border-radius-top-right:0px;--awb-border-radius-bottom-right:0px;--awb-border-radius-bottom-left:0px;--awb-padding-top:0px;--awb-padding-right:0px;--awb-padding-bottom:0px;--awb-padding-left:0px;--awb-flex-wrap:wrap;\" ><div class=\"fusion-builder-row fusion-row fusion-flex-align-items-flex-start fusion-flex-content-wrap\" style=\"width:calc( 100% + 0px ) !important;max-width:calc( 100% + 0px ) !important;margin-left: calc(-0px \/ 2 );margin-right: calc(-0px \/ 2 );\"><div class=\"fusion-layout-column fusion_builder_column fusion-builder-column-0 fusion_builder_column_1_2 1_2 fusion-flex-column\" style=\"--awb-padding-top:11%;--awb-padding-right:9%;--awb-padding-bottom:9%;--awb-padding-left:9%;--awb-bg-color:#0c0c0d;--awb-bg-color-hover:#0c0c0d;--awb-bg-size:cover;--awb-width-large:50%;--awb-margin-top-large:0px;--awb-spacing-right-large:0px;--awb-margin-bottom-large:0px;--awb-spacing-left-large:0px;--awb-width-medium:100%;--awb-spacing-right-medium:0px;--awb-spacing-left-medium:0px;--awb-width-small:100%;--awb-spacing-right-small:0px;--awb-spacing-left-small:0px;\"><div class=\"fusion-column-wrapper fusion-column-has-shadow fusion-flex-justify-content-center fusion-content-layout-column\"><div class=\"fusion-text fusion-text-1\"><h2 style=\"text-align: center;\">Info Casting<\/h2>\n<\/div><div class=\"fusion-text fusion-text-2\"><p style=\"text-align: justify;\">We are seeking elegant hostesses and\/or specialises in tantric massage Young women who are confident and comfortable with themselves, cultured, with clear physical assets and who are happy to play. Our hostesses are respectful and clean and undertake to follow the rules of the establishment.<\/p>\n<p style=\"text-align: justify;\">By becoming a Hostess at the Diamond Lounge, not only do you become one of our choice partners, but you join a real family. We believe that the fundamentals of quality collaboration are freedom of choice, respect for others and mutual trust. We place high importance on the rapid integration and the well-being of the young women who work in our club.<\/p>\n<p style=\"text-align: justify;\">If you would like detailed information or if you want to quickly join our friendly and dynamic team to work in the best conditions in the field, fill in and send back the casting form or call us to arrange an interview, without any obligation from you.<\/p>\n<p style=\"text-align: justify;\">You can also contact us via Whatsapp on: <a href=\"tel:+41 22 732 69 69\">+41 22 732 69 69<\/a><\/p>\n<\/div><\/div><\/div><div class=\"fusion-layout-column fusion_builder_column fusion-builder-column-1 fusion_builder_column_1_2 1_2 fusion-flex-column\" style=\"--awb-padding-top:9%;--awb-padding-right:9%;--awb-padding-bottom:9%;--awb-padding-left:9%;--awb-bg-size:cover;--awb-width-large:50%;--awb-margin-top-large:0px;--awb-spacing-right-large:0px;--awb-margin-bottom-large:0px;--awb-spacing-left-large:0px;--awb-width-medium:100%;--awb-spacing-right-medium:0px;--awb-spacing-left-medium:0px;--awb-width-small:100%;--awb-spacing-right-small:0px;--awb-spacing-left-small:0px;\"><div class=\"fusion-column-wrapper fusion-flex-justify-content-center fusion-content-layout-column\">\n<div class=\"wpcf7 no-js\" id=\"wpcf7-f1368-o1\" lang=\"en-US\" dir=\"ltr\" data-wpcf7-id=\"1368\">\n<div class=\"screen-reader-response\"><p role=\"status\" aria-live=\"polite\" aria-atomic=\"true\"><\/p> <ul><\/ul><\/div>\n<form action=\"\/en\/wp-json\/wp\/v2\/pages\/1363#wpcf7-f1368-o1\" method=\"post\" class=\"wpcf7-form init\" aria-label=\"Contact form\" enctype=\"multipart\/form-data\" novalidate=\"novalidate\" data-status=\"init\" data-trp-original-action=\"\/en\/wp-json\/wp\/v2\/pages\/1363#wpcf7-f1368-o1\">\n<fieldset class=\"hidden-fields-container\"><input type=\"hidden\" name=\"_wpcf7\" value=\"1368\" \/><input type=\"hidden\" name=\"_wpcf7_version\" value=\"6.1.4\" \/><input type=\"hidden\" name=\"_wpcf7_locale\" value=\"en_US\" \/><input type=\"hidden\" name=\"_wpcf7_unit_tag\" value=\"wpcf7-f1368-o1\" \/><input type=\"hidden\" name=\"_wpcf7_container_post\" value=\"0\" \/><input type=\"hidden\" name=\"_wpcf7_posted_data_hash\" value=\"\" \/>\n<\/fieldset>\n<div class=\"two_columns_50_50 clearfix\">\n\t<div class=\"column1\">\n\t\t<div class=\"column_inner\">\n\t\t\t<p><label>Pseudo*<br \/>\n<span class=\"wpcf7-form-control-wrap\" data-name=\"pseudo\"><input size=\"40\" maxlength=\"400\" class=\"wpcf7-form-control wpcf7-text wpcf7-validates-as-required\" aria-required=\"true\" aria-invalid=\"false\" value=\"\" type=\"text\" name=\"pseudo\" \/><\/span> <\/label>\n\t\t\t<\/p>\n\t\t<\/div>\n\t<\/div>\n\t<div class=\"column2\">\n\t\t<div class=\"column_inner\">\n\t\t\t<p><label>Mail<br \/>\n<span class=\"wpcf7-form-control-wrap\" data-name=\"your-email\"><input size=\"40\" maxlength=\"400\" class=\"wpcf7-form-control wpcf7-email wpcf7-validates-as-required wpcf7-text wpcf7-validates-as-email\" aria-required=\"true\" aria-invalid=\"false\" value=\"\" type=\"email\" name=\"your-email\" \/><\/span> <\/label>\n\t\t\t<\/p>\n\t\t<\/div>\n\t<\/div>\n<\/div>\n<div class=\"two_columns_50_50 clearfix\">\n\t<div class=\"column1\">\n\t\t<div class=\"column_inner\" style=\"margin-top: -1px;\">\n\t\t\t<p><label> Phone*<br \/>\n<span class=\"wpcf7-form-control-wrap\" data-name=\"tel-173\"><input size=\"40\" maxlength=\"400\" class=\"wpcf7-form-control wpcf7-tel wpcf7-validates-as-required wpcf7-text wpcf7-validates-as-tel\" aria-required=\"true\" aria-invalid=\"false\" value=\"\" type=\"tel\" name=\"tel-173\" \/><\/span> <\/label>\n\t\t\t<\/p>\n\t\t<\/div>\n\t<\/div>\n\t<div class=\"column2\">\n\t\t<div class=\"column_inner\" style=\" margin-top: -1px;\">\n\t\t\t<p><label>Age*<br \/>\n<span class=\"wpcf7-form-control-wrap\" data-name=\"age\"><input size=\"40\" maxlength=\"400\" class=\"wpcf7-form-control wpcf7-text wpcf7-validates-as-required\" aria-required=\"true\" aria-invalid=\"false\" value=\"\" type=\"text\" name=\"age\" \/><\/span> <\/label>\n\t\t\t<\/p>\n\t\t<\/div>\n\t<\/div>\n<\/div>\n<div class=\"two_columns_50_50 clearfix\">\n\t<div class=\"column1\">\n\t\t<div class=\"column_inner\" style=\"margin-top: -1px;\">\n\t\t\t<p><label> Origine*<br \/>\n<span class=\"wpcf7-form-control-wrap\" data-name=\"Origine\"><input size=\"40\" maxlength=\"400\" class=\"wpcf7-form-control wpcf7-text wpcf7-validates-as-required\" aria-required=\"true\" aria-invalid=\"false\" value=\"\" type=\"text\" name=\"Origine\" \/><\/span> <\/label>\n\t\t\t<\/p>\n\t\t<\/div>\n\t<\/div>\n\t<div class=\"column2\">\n\t\t<div class=\"column_inner\" style=\" margin-top: -1px;\">\n\t\t\t<p><label>Nationality*<br \/>\n<span class=\"wpcf7-form-control-wrap\" data-name=\"Nationalite\"><input size=\"40\" maxlength=\"400\" class=\"wpcf7-form-control wpcf7-text wpcf7-validates-as-required\" aria-required=\"true\" aria-invalid=\"false\" value=\"\" type=\"text\" name=\"Nationalite\" \/><\/span> <\/label>\n\t\t\t<\/p>\n\t\t<\/div>\n\t<\/div>\n<\/div>\n<div class=\"two_columns_50_50 clearfix\">\n\t<div class=\"column1\">\n\t\t<div class=\"column_inner\" style=\"margin-top: -1px;\">\n\t\t\t<p><label> Language*<br \/>\n<span class=\"wpcf7-form-control-wrap\" data-name=\"langues\"><input size=\"40\" maxlength=\"400\" class=\"wpcf7-form-control wpcf7-text wpcf7-validates-as-required\" aria-required=\"true\" aria-invalid=\"false\" value=\"\" type=\"text\" name=\"langues\" \/><\/span> <\/label>\n\t\t\t<\/p>\n\t\t<\/div>\n\t<\/div>\n<\/div>\n<div class=\"two_columns_50_50 clearfix\">\n\t<div class=\"column1\">\n\t\t<div class=\"column_inner\" style=\"margin-top: -1px;\">\n\t\t\t<p><label> Picture 1 *<br \/>\n<span class=\"wpcf7-form-control-wrap\" data-name=\"photo1\"><input size=\"40\" class=\"wpcf7-form-control wpcf7-file wpcf7-validates-as-required\" accept=\".gif,.png,.jpg,.jpeg\" aria-required=\"true\" aria-invalid=\"false\" type=\"file\" name=\"photo1\" \/><\/span> <\/label>\n\t\t\t<\/p>\n\t\t<\/div>\n\t<\/div>\n\t<div class=\"column2\">\n\t\t<div class=\"column_inner\" style=\" margin-top: -1px;\">\n\t\t\t<p><label> Picture 2<br \/>\n<span class=\"wpcf7-form-control-wrap\" data-name=\"photo2\"><input size=\"40\" class=\"wpcf7-form-control wpcf7-file\" accept=\".gif,.png,.jpg,.jpeg\" aria-invalid=\"false\" type=\"file\" name=\"photo2\" \/><\/span> <\/label>\n\t\t\t<\/p>\n\t\t<\/div>\n\t<\/div>\n<\/div>\n<div class=\"two_columns_50_50 clearfix\">\n\t<div class=\"column1\">\n\t\t<div class=\"column_inner\" style=\"margin-top: -1px;\">\n\t\t\t<p><label> Picture 3<br \/>\n<span class=\"wpcf7-form-control-wrap\" data-name=\"photo3\"><input size=\"40\" class=\"wpcf7-form-control wpcf7-file\" accept=\".gif,.png,.jpg,.jpeg\" aria-invalid=\"false\" type=\"file\" name=\"photo3\" \/><\/span> <\/label>\n\t\t\t<\/p>\n\t\t<\/div>\n\t<\/div>\n\t<div class=\"column2\">\n\t\t<div class=\"column_inner\" style=\" margin-top: -1px;\">\n\t\t\t<p><label> Picture 4<br \/>\n<span class=\"wpcf7-form-control-wrap\" data-name=\"photo4\"><input size=\"40\" class=\"wpcf7-form-control wpcf7-file\" accept=\".gif,.png,.jpg,.jpeg\" aria-invalid=\"false\" type=\"file\" name=\"photo4\" \/><\/span> <\/label>\n\t\t\t<\/p>\n\t\t<\/div>\n\t<\/div>\n<\/div>\n<p><input class=\"wpcf7-form-control wpcf7-submit has-spinner\" type=\"submit\" value=\"SUBMIT\" \/>\n<\/p><div class=\"fusion-alert alert custom alert-custom fusion-alert-center wpcf7-response-output fusion-alert-capitalize awb-alert-native-link-color alert-dismissable awb-alert-close-boxed\" style=\"--awb-border-top-left-radius:0px;--awb-border-top-right-radius:0px;--awb-border-bottom-left-radius:0px;--awb-border-bottom-right-radius:0px;\" role=\"alert\"><div class=\"fusion-alert-content-wrapper\"><span class=\"fusion-alert-content\"><\/span><\/div><button type=\"button\" class=\"close toggle-alert\" data-dismiss=\"alert\" aria-label=\"Close\">&times;<\/button><\/div>\n<input type=\"hidden\" name=\"trp-form-language\" value=\"en\"\/><\/form>\n<\/div>\n<\/div><\/div><\/div><\/div>","protected":false},"excerpt":{"rendered":"","protected":false},"author":3,"featured_media":0,"parent":0,"menu_order":0,"comment_status":"open","ping_status":"closed","template":"100-width.php","meta":{"footnotes":""},"class_list":["post-1363","page","type-page","status-publish","hentry"],"yoast_head":"<!-- This site is optimized with the Yoast SEO plugin v26.5 - https:\/\/yoast.com\/wordpress\/plugins\/seo\/ -->\n<title>Casting - Emploi &amp; Job salon \u00e9rotique gen\u00e8ve - Diamond Lounge<\/title>\n<meta name=\"description\" content=\"Vous cherchez un emploi dans notre salon \u00e9rotique \u00e0 Gen\u00e8ve ? N&#039;h\u00e9sitez-pas \u00e0 nous envoyer votre candidature par formulaire ou nous contacter par whatsapp\" \/>\n<meta name=\"robots\" content=\"index, follow, max-snippet:-1, max-image-preview:large, max-video-preview:-1\" \/>\n<link rel=\"canonical\" href=\"https:\/\/diamond-lounge.ch\/en\/casting-escort-geneve\/\" \/>\n<meta property=\"og:locale\" content=\"en_GB\" \/>\n<meta property=\"og:type\" content=\"article\" \/>\n<meta property=\"og:title\" content=\"Casting - Emploi &amp; Job salon \u00e9rotique gen\u00e8ve - Diamond Lounge\" \/>\n<meta property=\"og:description\" content=\"Vous cherchez un emploi dans notre salon \u00e9rotique \u00e0 Gen\u00e8ve ? N&#039;h\u00e9sitez-pas \u00e0 nous envoyer votre candidature par formulaire ou nous contacter par whatsapp\" \/>\n<meta property=\"og:url\" content=\"https:\/\/diamond-lounge.ch\/en\/casting-escort-geneve\/\" \/>\n<meta property=\"og:site_name\" content=\"diamond lounge\" \/>\n<meta property=\"og:image\" content=\"https:\/\/diamond-lounge.ch\/wp-content\/uploads\/2019\/06\/Club_diamant_lounge_logo.png\" \/>\n\t<meta property=\"og:image:width\" content=\"150\" \/>\n\t<meta property=\"og:image:height\" content=\"118\" \/>\n\t<meta property=\"og:image:type\" content=\"image\/png\" \/>\n<meta name=\"twitter:card\" content=\"summary_large_image\" \/>\n<meta name=\"twitter:label1\" content=\"Est. reading time\" \/>\n\t<meta name=\"twitter:data1\" content=\"3 minutes\" \/>\n<!-- \/ Yoast SEO plugin. -->","yoast_head_json":{"title":"Casting - Emploi & Job salon \u00e9rotique gen\u00e8ve - Diamond Lounge","description":"Vous cherchez un emploi dans notre salon \u00e9rotique \u00e0 Gen\u00e8ve ? N'h\u00e9sitez-pas \u00e0 nous envoyer votre candidature par formulaire ou nous contacter par whatsapp","robots":{"index":"index","follow":"follow","max-snippet":"max-snippet:-1","max-image-preview":"max-image-preview:large","max-video-preview":"max-video-preview:-1"},"canonical":"https:\/\/diamond-lounge.ch\/en\/casting-escort-geneve\/","og_locale":"en_GB","og_type":"article","og_title":"Casting - Emploi & Job salon \u00e9rotique gen\u00e8ve - Diamond Lounge","og_description":"Vous cherchez un emploi dans notre salon \u00e9rotique \u00e0 Gen\u00e8ve ? N'h\u00e9sitez-pas \u00e0 nous envoyer votre candidature par formulaire ou nous contacter par whatsapp","og_url":"https:\/\/diamond-lounge.ch\/en\/casting-escort-geneve\/","og_site_name":"diamond lounge","og_image":[{"width":150,"height":118,"url":"https:\/\/diamond-lounge.ch\/wp-content\/uploads\/2019\/06\/Club_diamant_lounge_logo.png","type":"image\/png"}],"twitter_card":"summary_large_image","twitter_misc":{"Est. reading time":"3 minutes"},"schema":{"@context":"https:\/\/schema.org","@graph":[{"@type":"WebPage","@id":"https:\/\/diamond-lounge.ch\/casting-escort-geneve\/","url":"https:\/\/diamond-lounge.ch\/casting-escort-geneve\/","name":"Casting - Emploi & Job salon \u00e9rotique gen\u00e8ve - Diamond Lounge","isPartOf":{"@id":"https:\/\/diamond-lounge.ch\/#website"},"datePublished":"2019-06-04T10:27:55+00:00","dateModified":"2023-10-04T18:20:38+00:00","description":"Vous cherchez un emploi dans notre salon \u00e9rotique \u00e0 Gen\u00e8ve ? N'h\u00e9sitez-pas \u00e0 nous envoyer votre candidature par formulaire ou nous contacter par whatsapp","breadcrumb":{"@id":"https:\/\/diamond-lounge.ch\/casting-escort-geneve\/#breadcrumb"},"inLanguage":"en-GB","potentialAction":[{"@type":"ReadAction","target":["https:\/\/diamond-lounge.ch\/casting-escort-geneve\/"]}]},{"@type":"BreadcrumbList","@id":"https:\/\/diamond-lounge.ch\/casting-escort-geneve\/#breadcrumb","itemListElement":[{"@type":"ListItem","position":1,"name":"Home","item":"https:\/\/diamond-lounge.ch\/"},{"@type":"ListItem","position":2,"name":"CASTING"}]},{"@type":"WebSite","@id":"https:\/\/diamond-lounge.ch\/#website","url":"https:\/\/diamond-lounge.ch\/","name":"diamond lounge","description":"diamond lounge","publisher":{"@id":"https:\/\/diamond-lounge.ch\/#organization"},"potentialAction":[{"@type":"SearchAction","target":{"@type":"EntryPoint","urlTemplate":"https:\/\/diamond-lounge.ch\/?s={search_term_string}"},"query-input":{"@type":"PropertyValueSpecification","valueRequired":true,"valueName":"search_term_string"}}],"inLanguage":"en-GB"},{"@type":"Organization","@id":"https:\/\/diamond-lounge.ch\/#organization","name":"diamond lounge","url":"https:\/\/diamond-lounge.ch\/","logo":{"@type":"ImageObject","inLanguage":"en-GB","@id":"https:\/\/diamond-lounge.ch\/#\/schema\/logo\/image\/","url":"https:\/\/diamond-lounge.ch\/wp-content\/uploads\/2019\/06\/Club_diamant_lounge_logo.png","contentUrl":"https:\/\/diamond-lounge.ch\/wp-content\/uploads\/2019\/06\/Club_diamant_lounge_logo.png","width":150,"height":118,"caption":"diamond lounge"},"image":{"@id":"https:\/\/diamond-lounge.ch\/#\/schema\/logo\/image\/"}}]}},"_links":{"self":[{"href":"https:\/\/diamond-lounge.ch\/en\/wp-json\/wp\/v2\/pages\/1363","targetHints":{"allow":["GET"]}}],"collection":[{"href":"https:\/\/diamond-lounge.ch\/en\/wp-json\/wp\/v2\/pages"}],"about":[{"href":"https:\/\/diamond-lounge.ch\/en\/wp-json\/wp\/v2\/types\/page"}],"author":[{"embeddable":true,"href":"https:\/\/diamond-lounge.ch\/en\/wp-json\/wp\/v2\/users\/3"}],"replies":[{"embeddable":true,"href":"https:\/\/diamond-lounge.ch\/en\/wp-json\/wp\/v2\/comments?post=1363"}],"version-history":[{"count":0,"href":"https:\/\/diamond-lounge.ch\/en\/wp-json\/wp\/v2\/pages\/1363\/revisions"}],"wp:attachment":[{"href":"https:\/\/diamond-lounge.ch\/en\/wp-json\/wp\/v2\/media?parent=1363"}],"curies":[{"name":"wp","href":"https:\/\/api.w.org\/{rel}","templated":true}]}}